{"id":14,"date":"2016-06-22T12:19:56","date_gmt":"2016-06-22T10:19:56","guid":{"rendered":"http:\/\/localhost\/cbpt83\/toulonlesroutes\/?page_id=14"},"modified":"2017-02-14T11:44:07","modified_gmt":"2017-02-14T10:44:07","slug":"informations-pratiques","status":"publish","type":"page","link":"http:\/\/cbpt83.fr\/la-garde\/informations-pratiques\/","title":{"rendered":"Informations pratiques"},"content":{"rendered":"<div id=\"horaires\">\n<h2 style=\"text-align: center;\">Horaires d&rsquo;ouverture<\/h2>\n<p style=\"text-align: center;\"><strong>Mercredi<\/strong> de 10h00 \u00e0 11h30<\/p>\n<p style=\"text-align: center;\"><strong>Samedi <\/strong>de 16h30 \u00e0 18h00<\/p>\n<p style=\"text-align: center;\"><strong>Dimanche<\/strong> de 10h00 \u00e0 11h30<\/p>\n<\/div>\n<div id=\"tarifs\">\n<h2 style=\"text-align: center;\">Tarifs<\/h2>\n<h3>Inscription annuelle :<\/h3>\n<p>10\u20ac par famille<\/p>\n<h3>Emprunt (pour la participation \u00e0 l&rsquo;achat de nouveaux livres) :<\/h3>\n<p>1\u20ac par livre<\/p>\n<p>&nbsp;<\/p>\n<\/div>\n<div id=\"localisation\">\n<h2 style=\"text-align: center;\">Localisation et acc\u00e8s<\/h2>\n<p style=\"text-align: center;\">80 Impasse de la Chapelle<br \/>\n83130 La Garde<\/p>\n<h3><\/h3>\n<div><\/div>\n<p style=\"text-align: center;\"><iframe loading=\"lazy\" style=\"border: 0;\" src=\"https:\/\/www.google.com\/maps\/embed?pb=!1m18!1m12!1m3!1d728.2167867658892!2d5.992008604232385!3d43.10730678208486!2m3!1f0!2f0!3f0!3m2!1i1024!2i768!4f13.1!3m3!1m2!1s0x12c9195afd160f11%3A0xae21b4f5d4be8afd!2sRue+de+la+Chapelle%2C+83130+La+Garde%2C+France!5e0!3m2!1sfr!2sus!4v1470909536351\" width=\"800\" height=\"400\" frameborder=\"0\" allowfullscreen=\"allowfullscreen\"><\/iframe><\/p>\n<\/div>\n","protected":false},"excerpt":{"rendered":"<p>Horaires d&rsquo;ouverture Mercredi de 10h00 \u00e0 11h30 Samedi de 16h30 \u00e0 18h00 Dimanche de 10h00 \u00e0 11h30 Tarifs Inscription annuelle : 10\u20ac par famille Emprunt (pour la participation \u00e0 l&rsquo;achat de nouveaux livres) : 1\u20ac par livre &nbsp; Localisation et acc\u00e8s 80 Impasse de la Chapelle 83130 La Garde<\/p>\n","protected":false},"author":1,"featured_media":0,"parent":0,"menu_order":0,"comment_status":"closed","ping_status":"closed","template":"","meta":{"footnotes":""},"class_list":["post-14","page","type-page","status-publish","hentry"],"_links":{"self":[{"href":"http:\/\/cbpt83.fr\/la-garde\/wp-json\/wp\/v2\/pages\/14","targetHints":{"allow":["GET"]}}],"collection":[{"href":"http:\/\/cbpt83.fr\/la-garde\/wp-json\/wp\/v2\/pages"}],"about":[{"href":"http:\/\/cbpt83.fr\/la-garde\/wp-json\/wp\/v2\/types\/page"}],"author":[{"embeddable":true,"href":"http:\/\/cbpt83.fr\/la-garde\/wp-json\/wp\/v2\/users\/1"}],"replies":[{"embeddable":true,"href":"http:\/\/cbpt83.fr\/la-garde\/wp-json\/wp\/v2\/comments?post=14"}],"version-history":[{"count":5,"href":"http:\/\/cbpt83.fr\/la-garde\/wp-json\/wp\/v2\/pages\/14\/revisions"}],"predecessor-version":[{"id":74,"href":"http:\/\/cbpt83.fr\/la-garde\/wp-json\/wp\/v2\/pages\/14\/revisions\/74"}],"wp:attachment":[{"href":"http:\/\/cbpt83.fr\/la-garde\/wp-json\/wp\/v2\/media?parent=14"}],"curies":[{"name":"wp","href":"https:\/\/api.w.org\/{rel}","templated":true}]}}