{"id":200,"date":"2017-02-24T14:37:07","date_gmt":"2017-02-24T13:37:07","guid":{"rendered":"http:\/\/cbpt83.fr\/les-arcs\/?page_id=200"},"modified":"2017-02-24T15:58:00","modified_gmt":"2017-02-24T14:58:00","slug":"presentation","status":"publish","type":"page","link":"http:\/\/cbpt83.fr\/les-arcs\/","title":{"rendered":"Pr\u00e9sentation"},"content":{"rendered":"<p><img loading=\"lazy\" decoding=\"async\" class=\" wp-image-201 alignleft\" src=\"http:\/\/cbpt83.fr\/les-arcs\/wp-content\/uploads\/sites\/8\/2017\/02\/devanture_lesarcs.jpg\" alt=\"\" width=\"394\" height=\"419\" srcset=\"http:\/\/cbpt83.fr\/les-arcs\/wp-content\/uploads\/sites\/8\/2017\/02\/devanture_lesarcs.jpg 504w, http:\/\/cbpt83.fr\/les-arcs\/wp-content\/uploads\/sites\/8\/2017\/02\/devanture_lesarcs-282x300.jpg 282w\" sizes=\"auto, (max-width: 394px) 100vw, 394px\" \/>Situ\u00e9 sur le boulevard Gambetta, dans un local mis \u00e0 disposition par la marie, la biblioth\u00e8que est ouverte \u00e0 tous apr\u00e8s inscription. Six b\u00e9n\u00e9voles participent \u00e0 son fonctionnement.<\/p>\n<p>Nos collections comptent de nombreux documents class\u00e9s en diff\u00e9rentes cat\u00e9gories :<\/p>\n<p style=\"text-align: left;\">&gt; litt\u00e9rature g\u00e9n\u00e9rale<br \/>\n&gt; litt\u00e9rature polici\u00e8re<br \/>\n&gt; litt\u00e9rature fantastique<br \/>\n&gt; romans d\u00e9tente<br \/>\n&gt; litt\u00e9rature jeunesse<br \/>\n&gt; bandes dessin\u00e9es jeunesse<br \/>\n&gt; bandes dessin\u00e9es adultes<br \/>\n&gt; albums pour enfants<br \/>\n&gt; documentaires<br \/>\n&gt; documentaires jeunesse<br \/>\n&gt; biographies<br \/>\n&gt; livres en anglais<\/p>\n","protected":false},"excerpt":{"rendered":"<p>Situ\u00e9 sur le boulevard Gambetta, dans un local mis \u00e0 disposition par la marie, la biblioth\u00e8que est ouverte \u00e0 tous apr\u00e8s inscription. Six b\u00e9n\u00e9voles participent \u00e0 son fonctionnement. Nos collections comptent de nombreux documents class\u00e9s en diff\u00e9rentes cat\u00e9gories : &gt; litt\u00e9rature g\u00e9n\u00e9rale &gt; litt\u00e9rature polici\u00e8re &gt; litt\u00e9rature fantastique &gt; romans d\u00e9tente &gt; litt\u00e9rature jeunesse &gt; [&hellip;]<\/p>\n","protected":false},"author":3,"featured_media":0,"parent":0,"menu_order":0,"comment_status":"closed","ping_status":"closed","template":"page-sc.php","meta":{"footnotes":""},"class_list":["post-200","page","type-page","status-publish","hentry"],"_links":{"self":[{"href":"http:\/\/cbpt83.fr\/les-arcs\/wp-json\/wp\/v2\/pages\/200","targetHints":{"allow":["GET"]}}],"collection":[{"href":"http:\/\/cbpt83.fr\/les-arcs\/wp-json\/wp\/v2\/pages"}],"about":[{"href":"http:\/\/cbpt83.fr\/les-arcs\/wp-json\/wp\/v2\/types\/page"}],"author":[{"embeddable":true,"href":"http:\/\/cbpt83.fr\/les-arcs\/wp-json\/wp\/v2\/users\/3"}],"replies":[{"embeddable":true,"href":"http:\/\/cbpt83.fr\/les-arcs\/wp-json\/wp\/v2\/comments?post=200"}],"version-history":[{"count":5,"href":"http:\/\/cbpt83.fr\/les-arcs\/wp-json\/wp\/v2\/pages\/200\/revisions"}],"predecessor-version":[{"id":206,"href":"http:\/\/cbpt83.fr\/les-arcs\/wp-json\/wp\/v2\/pages\/200\/revisions\/206"}],"wp:attachment":[{"href":"http:\/\/cbpt83.fr\/les-arcs\/wp-json\/wp\/v2\/media?parent=200"}],"curies":[{"name":"wp","href":"https:\/\/api.w.org\/{rel}","templated":true}]}}