{"id":135,"date":"2017-03-16T15:55:03","date_gmt":"2017-03-16T14:55:03","guid":{"rendered":"http:\/\/cbpt83.fr\/six-fours-gemeaux\/?page_id=135"},"modified":"2017-03-16T16:14:32","modified_gmt":"2017-03-16T15:14:32","slug":"presentation","status":"publish","type":"page","link":"http:\/\/cbpt83.fr\/six-fours-gemeaux\/presentation\/","title":{"rendered":"Pr\u00e9sentation"},"content":{"rendered":"<div id=\"presentation\">\n<p>La Biblioth\u00e8que de Six-Fours existe depuis 1971.<\/p>\n<p>Situ\u00e9e tout d&rsquo;abord au Centre Culturel Andr\u00e9 Malraux, elle a travers\u00e9 l&rsquo;avenue pour s&rsquo;installer en face dans un immeuble locatif de la mairie.<br \/>\nTout le 1er \u00e9tage nous est d\u00e9volu ; d&rsquo;un c\u00f4t\u00e9 la Biblioth\u00e8que Jeunesse, de l&rsquo;autre la Biblioth\u00e8que Adultes.<img loading=\"lazy\" decoding=\"async\" class=\"wp-image-136 aligncenter\" src=\"http:\/\/cbpt83.fr\/six-fours-gemeaux\/wp-content\/uploads\/sites\/15\/2017\/03\/devanture_sixfours_gemeaux.jpg\" alt=\"\" width=\"457\" height=\"321\" srcset=\"http:\/\/cbpt83.fr\/six-fours-gemeaux\/wp-content\/uploads\/sites\/15\/2017\/03\/devanture_sixfours_gemeaux.jpg 879w, http:\/\/cbpt83.fr\/six-fours-gemeaux\/wp-content\/uploads\/sites\/15\/2017\/03\/devanture_sixfours_gemeaux-300x211.jpg 300w, http:\/\/cbpt83.fr\/six-fours-gemeaux\/wp-content\/uploads\/sites\/15\/2017\/03\/devanture_sixfours_gemeaux-768x540.jpg 768w\" sizes=\"auto, (max-width: 457px) 100vw, 457px\" \/><\/p>\n<p>Le 1er janvier 2017, les deux biblioth\u00e8ques ont fusionn\u00e9. Les locaux ont \u00e9t\u00e9 r\u00e9am\u00e9nag\u00e9s chez les Adultes pour faciliter la circulation des lecteurs. L&rsquo;entente est excellente entre les biblioth\u00e9caires et nous sommes ravis chez les Adultes de voir passer tous ces jeunes enfants!<\/p>\n<p>Nous avons aussi un bibliobus qui stationne aux L\u00f4nes et au Brusc, un service de pr\u00eat \u00e0 domicile et un club de lecture.<\/p>\n<p>Ensemble, nous disposons maintenant d&rsquo;un grand local et nous devrions m\u00eame prochainement, pouvoir y accueillir le Centre D\u00e9partemental.<\/p>\n<div id=\"attachment_138\" style=\"width: 451px\" class=\"wp-caption alignright\"><img loading=\"lazy\" decoding=\"async\" aria-describedby=\"caption-attachment-138\" class=\"wp-image-138\" src=\"http:\/\/cbpt83.fr\/six-fours-gemeaux\/wp-content\/uploads\/sites\/15\/2017\/03\/interieur_sixfours_gemeaux_adultes.jpg\" alt=\"\" width=\"441\" height=\"318\" srcset=\"http:\/\/cbpt83.fr\/six-fours-gemeaux\/wp-content\/uploads\/sites\/15\/2017\/03\/interieur_sixfours_gemeaux_adultes.jpg 686w, http:\/\/cbpt83.fr\/six-fours-gemeaux\/wp-content\/uploads\/sites\/15\/2017\/03\/interieur_sixfours_gemeaux_adultes-300x216.jpg 300w\" sizes=\"auto, (max-width: 441px) 100vw, 441px\" \/><p id=\"caption-attachment-138\" class=\"wp-caption-text\"><strong>\u00a0Adultes<\/strong><\/p><\/div>\n<div id=\"attachment_137\" style=\"width: 421px\" class=\"wp-caption alignnone\"><img loading=\"lazy\" decoding=\"async\" aria-describedby=\"caption-attachment-137\" class=\"wp-image-137 \" src=\"http:\/\/cbpt83.fr\/six-fours-gemeaux\/wp-content\/uploads\/sites\/15\/2017\/03\/interieur_six_fours_gemeaux_jeunesse.jpg\" alt=\"\" width=\"411\" height=\"324\" srcset=\"http:\/\/cbpt83.fr\/six-fours-gemeaux\/wp-content\/uploads\/sites\/15\/2017\/03\/interieur_six_fours_gemeaux_jeunesse.jpg 695w, http:\/\/cbpt83.fr\/six-fours-gemeaux\/wp-content\/uploads\/sites\/15\/2017\/03\/interieur_six_fours_gemeaux_jeunesse-300x236.jpg 300w\" sizes=\"auto, (max-width: 411px) 100vw, 411px\" \/><p id=\"caption-attachment-137\" class=\"wp-caption-text\"><strong>Jeunesse \u00a0<\/strong><\/p><\/div>\n<\/div>\n","protected":false},"excerpt":{"rendered":"<p>La Biblioth\u00e8que de Six-Fours existe depuis 1971. Situ\u00e9e tout d&rsquo;abord au Centre Culturel Andr\u00e9 Malraux, elle a travers\u00e9 l&rsquo;avenue pour s&rsquo;installer en face dans un immeuble locatif de la mairie. Tout le 1er \u00e9tage nous est d\u00e9volu ; d&rsquo;un c\u00f4t\u00e9 la Biblioth\u00e8que Jeunesse, de l&rsquo;autre la Biblioth\u00e8que Adultes. Le 1er janvier 2017, les deux biblioth\u00e8ques [&hellip;]<\/p>\n","protected":false},"author":3,"featured_media":0,"parent":0,"menu_order":0,"comment_status":"closed","ping_status":"closed","template":"","meta":{"footnotes":""},"class_list":["post-135","page","type-page","status-publish","hentry"],"_links":{"self":[{"href":"http:\/\/cbpt83.fr\/six-fours-gemeaux\/wp-json\/wp\/v2\/pages\/135","targetHints":{"allow":["GET"]}}],"collection":[{"href":"http:\/\/cbpt83.fr\/six-fours-gemeaux\/wp-json\/wp\/v2\/pages"}],"about":[{"href":"http:\/\/cbpt83.fr\/six-fours-gemeaux\/wp-json\/wp\/v2\/types\/page"}],"author":[{"embeddable":true,"href":"http:\/\/cbpt83.fr\/six-fours-gemeaux\/wp-json\/wp\/v2\/users\/3"}],"replies":[{"embeddable":true,"href":"http:\/\/cbpt83.fr\/six-fours-gemeaux\/wp-json\/wp\/v2\/comments?post=135"}],"version-history":[{"count":25,"href":"http:\/\/cbpt83.fr\/six-fours-gemeaux\/wp-json\/wp\/v2\/pages\/135\/revisions"}],"predecessor-version":[{"id":167,"href":"http:\/\/cbpt83.fr\/six-fours-gemeaux\/wp-json\/wp\/v2\/pages\/135\/revisions\/167"}],"wp:attachment":[{"href":"http:\/\/cbpt83.fr\/six-fours-gemeaux\/wp-json\/wp\/v2\/media?parent=135"}],"curies":[{"name":"wp","href":"https:\/\/api.w.org\/{rel}","templated":true}]}}